{"id":154,"date":"2024-08-17T14:25:28","date_gmt":"2024-08-17T12:25:28","guid":{"rendered":"https:\/\/van-away-shop.d.pilot-in.net\/index.php\/product\/california-avril-2024-t6-1-boite-auto-dsg7-eau-chaude-150cv\/"},"modified":"2026-03-07T17:01:58","modified_gmt":"2026-03-07T16:01:58","slug":"california-avril-2024-t6-1-boite-auto-dsg7-eau-chaude-150cv","status":"publish","type":"product","link":"https:\/\/www.van-away.com\/vente-vans\/p\/california-avril-2024-t6-1-boite-auto-dsg7-eau-chaude-150cv","title":{"rendered":"California VENDU"},"content":{"rendered":"<p>La r\u00e9f\u00e9rence du van am\u00e9nag\u00e9 pour 4 personnes, avec un confort haut de gamme, et le petit plus VAN-AWAY : l&rsquo;eau chaude !<\/p>\n<p>1er entretien effectu\u00e9 Juin 2025 \u00e0 40 000 km\/ pneu neuf tr\u00e8s bon \u00e9tat<\/p>\n<p>Sous garantie constructeur jusqu&rsquo;\u00e0 Avril 2026<\/p>\n","protected":false},"excerpt":{"rendered":"<p>V\u00e9hicule TRES RECENT SOUS GARANTIE CONSTRUCTEUR VOLKSWAGEN<br \/>\nParfaitement optionn\u00e9 \/Cam\u00e9ra de recul Attelage\/ vitre sur teint\u00e9s\/ Toit motoris\u00e9\/ Store ext\u00e9rieur\/ r\u00e9tro \u00e9lectrique\/ Jantes alu 17 pouces\/ Ballon d&rsquo;eau chaude\/ chauffage stationnaire<\/p>\n","protected":false},"featured_media":858,"template":"","meta":{"_acf_changed":false,"_seopress_robots_primary_cat":"none","_seopress_titles_title":"","_seopress_titles_desc":"","_seopress_robots_index":"","inline_featured_image":false},"product_brand":[],"product_cat":[35,31],"product_tag":[],"options":[],"class_list":{"0":"post-154","1":"product","2":"type-product","3":"status-publish","4":"has-post-thumbnail","6":"product_cat-van","7":"product_cat-vehicules","9":"first","10":"instock","11":"purchasable","12":"product-type-simple"},"acf":[],"_links":{"self":[{"href":"https:\/\/www.van-away.com\/vente-vans\/wp-json\/wp\/v2\/product\/154","targetHints":{"allow":["GET"]}}],"collection":[{"href":"https:\/\/www.van-away.com\/vente-vans\/wp-json\/wp\/v2\/product"}],"about":[{"href":"https:\/\/www.van-away.com\/vente-vans\/wp-json\/wp\/v2\/types\/product"}],"wp:featuredmedia":[{"embeddable":true,"href":"https:\/\/www.van-away.com\/vente-vans\/wp-json\/wp\/v2\/media\/858"}],"wp:attachment":[{"href":"https:\/\/www.van-away.com\/vente-vans\/wp-json\/wp\/v2\/media?parent=154"}],"wp:term":[{"taxonomy":"product_brand","embeddable":true,"href":"https:\/\/www.van-away.com\/vente-vans\/wp-json\/wp\/v2\/product_brand?post=154"},{"taxonomy":"product_cat","embeddable":true,"href":"https:\/\/www.van-away.com\/vente-vans\/wp-json\/wp\/v2\/product_cat?post=154"},{"taxonomy":"product_tag","embeddable":true,"href":"https:\/\/www.van-away.com\/vente-vans\/wp-json\/wp\/v2\/product_tag?post=154"},{"taxonomy":"options","embeddable":true,"href":"https:\/\/www.van-away.com\/vente-vans\/wp-json\/wp\/v2\/options?post=154"}],"curies":[{"name":"wp","href":"https:\/\/api.w.org\/{rel}","templated":true}]}}