{"id":151,"date":"2024-07-02T10:00:41","date_gmt":"2024-07-02T08:00:41","guid":{"rendered":"https:\/\/van-away-shop.d.pilot-in.net\/index.php\/product\/ford-nugget-plus-5-personnes-caen-57900-e\/"},"modified":"2026-03-09T14:56:42","modified_gmt":"2026-03-09T13:56:42","slug":"ford-nugget-plus-5-personnes-caen-57900-e","status":"publish","type":"product","link":"https:\/\/www.van-away.com\/vente-vans\/p\/ford-nugget-plus-5-personnes-caen-57900-e","title":{"rendered":"Ford Nugget Plus &#8211; 5 personnes"},"content":{"rendered":"<p>Ford Nugget Plus L2 : Le van am\u00e9nag\u00e9 Westfalia pour 5 personnes proposant un bel espace de vie, les WC et une douchette ext\u00e9rieure \u00e0 l&rsquo;eau chaude.<\/p>\n","protected":false},"excerpt":{"rendered":"<p>Ford Nugget Plus 5 personnes, le van le plus confortable du march\u00e9.<\/p>\n","protected":false},"featured_media":2596,"template":"","meta":{"_acf_changed":false,"_seopress_robots_primary_cat":"none","_seopress_titles_title":"","_seopress_titles_desc":"","_seopress_robots_index":"","inline_featured_image":false},"product_brand":[],"product_cat":[35,31],"product_tag":[],"options":[],"class_list":{"0":"post-151","1":"product","2":"type-product","3":"status-publish","4":"has-post-thumbnail","6":"product_cat-van","7":"product_cat-vehicules","9":"first","10":"instock","11":"purchasable","12":"product-type-simple"},"acf":[],"_links":{"self":[{"href":"https:\/\/www.van-away.com\/vente-vans\/wp-json\/wp\/v2\/product\/151","targetHints":{"allow":["GET"]}}],"collection":[{"href":"https:\/\/www.van-away.com\/vente-vans\/wp-json\/wp\/v2\/product"}],"about":[{"href":"https:\/\/www.van-away.com\/vente-vans\/wp-json\/wp\/v2\/types\/product"}],"wp:featuredmedia":[{"embeddable":true,"href":"https:\/\/www.van-away.com\/vente-vans\/wp-json\/wp\/v2\/media\/2596"}],"wp:attachment":[{"href":"https:\/\/www.van-away.com\/vente-vans\/wp-json\/wp\/v2\/media?parent=151"}],"wp:term":[{"taxonomy":"product_brand","embeddable":true,"href":"https:\/\/www.van-away.com\/vente-vans\/wp-json\/wp\/v2\/product_brand?post=151"},{"taxonomy":"product_cat","embeddable":true,"href":"https:\/\/www.van-away.com\/vente-vans\/wp-json\/wp\/v2\/product_cat?post=151"},{"taxonomy":"product_tag","embeddable":true,"href":"https:\/\/www.van-away.com\/vente-vans\/wp-json\/wp\/v2\/product_tag?post=151"},{"taxonomy":"options","embeddable":true,"href":"https:\/\/www.van-away.com\/vente-vans\/wp-json\/wp\/v2\/options?post=151"}],"curies":[{"name":"wp","href":"https:\/\/api.w.org\/{rel}","templated":true}]}}