{"id":1503,"date":"2025-01-07T17:58:11","date_gmt":"2025-01-07T16:58:11","guid":{"rendered":"https:\/\/van-away-shop.d.pilot-in.net\/product\/carte-cadeau\/"},"modified":"2026-01-15T09:41:36","modified_gmt":"2026-01-15T08:41:36","slug":"carte-cadeau","status":"publish","type":"product","link":"https:\/\/www.van-away.com\/vente-vans\/p\/carte-cadeau","title":{"rendered":"Carte cadeau VAN-AWAY"},"content":{"rendered":"<p>Envie d\u2019un cadeau original et m\u00e9morable ? Faites d\u00e9couvrir la libert\u00e9 du voyage en van am\u00e9nag\u00e9 !<\/p>\n<p>Nos v\u00e9hicules sont tout \u00e9quip\u00e9s, assur\u00e9s, avec assistance incluse, 2 conducteurs autoris\u00e9s, et le guide France Passion pour des nuits chez les vignerons ou agriculteurs.<\/p>\n<p>Des id\u00e9es de roadtrips sont disponibles sur notre site pour les inspirer.<\/p>\n<p>\ud83c\udf81 Offrez bien plus qu\u2019un s\u00e9jour : offrez la libert\u00e9, le confort et l\u2019\u00e9vasion !<\/p>\n","protected":false},"excerpt":{"rendered":"<p><strong>Modification Damiers de la page :<\/strong><\/p>\n<p><a href=\"https:\/\/van-away.com\/vente-vans\/wp-admin\/site-editor.php?p=%2Fwp_template%2Fvan-away-shop%2F%2Fsingle-product-carte-cadeau&amp;canvas=edit\">https:\/\/van-away.com\/vente-vans\/wp-admin\/site-editor.php?p=%2Fwp_template%2Fvan-away-shop%2F%2Fsingle-product-carte-cadeau&amp;canvas=edit<\/a><\/p>\n","protected":false},"featured_media":5220,"template":"","meta":{"_acf_changed":false,"_seopress_robots_primary_cat":"112","_seopress_titles_title":"Carte Cadeau Location Van, offrir un week-end en van am\u00e9nag\u00e9 %%sep%% %%sitetitle%%","_seopress_titles_desc":"Offrez la libert\u00e9 et l'originalit\u00e9 : la carte cadeau VAN-AWAY permet \u00e0 vos amis ou conjoints de partir \u00e0 l'aventure en van ou fourgon am\u00e9nag\u00e9...","_seopress_robots_index":"","inline_featured_image":false},"product_brand":[],"product_cat":[112],"product_tag":[],"options":[],"class_list":{"0":"post-1503","1":"product","2":"type-product","3":"status-publish","4":"has-post-thumbnail","6":"product_cat-offrir","8":"first","9":"instock","10":"sold-individually","11":"taxable","12":"shipping-taxable","13":"purchasable","14":"product-type-variable"},"acf":[],"_links":{"self":[{"href":"https:\/\/www.van-away.com\/vente-vans\/wp-json\/wp\/v2\/product\/1503","targetHints":{"allow":["GET"]}}],"collection":[{"href":"https:\/\/www.van-away.com\/vente-vans\/wp-json\/wp\/v2\/product"}],"about":[{"href":"https:\/\/www.van-away.com\/vente-vans\/wp-json\/wp\/v2\/types\/product"}],"wp:featuredmedia":[{"embeddable":true,"href":"https:\/\/www.van-away.com\/vente-vans\/wp-json\/wp\/v2\/media\/5220"}],"wp:attachment":[{"href":"https:\/\/www.van-away.com\/vente-vans\/wp-json\/wp\/v2\/media?parent=1503"}],"wp:term":[{"taxonomy":"product_brand","embeddable":true,"href":"https:\/\/www.van-away.com\/vente-vans\/wp-json\/wp\/v2\/product_brand?post=1503"},{"taxonomy":"product_cat","embeddable":true,"href":"https:\/\/www.van-away.com\/vente-vans\/wp-json\/wp\/v2\/product_cat?post=1503"},{"taxonomy":"product_tag","embeddable":true,"href":"https:\/\/www.van-away.com\/vente-vans\/wp-json\/wp\/v2\/product_tag?post=1503"},{"taxonomy":"options","embeddable":true,"href":"https:\/\/www.van-away.com\/vente-vans\/wp-json\/wp\/v2\/options?post=1503"}],"curies":[{"name":"wp","href":"https:\/\/api.w.org\/{rel}","templated":true}]}}